{"id":179233,"date":"2024-10-07T00:02:57","date_gmt":"2024-10-07T00:02:57","guid":{"rendered":"https:\/\/new.rcgep.com\/programa-para-la-prevencion-de-delitos\/"},"modified":"2025-10-06T11:47:21","modified_gmt":"2025-10-06T11:47:21","slug":"programa-per-a-la-prevencio-de-delictes","status":"publish","type":"page","link":"https:\/\/www.realclubdegolfelprat.com\/ca\/programa-per-a-la-prevencio-de-delictes\/","title":{"rendered":"Programa per a la prevenci\u00f3 de delictes"},"content":{"rendered":"<div class=\"wpb-content-wrapper\"><p>[vc_row css=&#8221;.vc_custom_1692439081887{margin-top: 0px !important;}&#8221;][vc_column][vc_column_text el_class=&#8221;page-title-rcgep&#8221;]<\/p>\n<h1>PROGRAMA PER A LA PREVENCI\u00d3 DE DELICTES<\/h1>\n<p>[\/vc_column_text][\/vc_column][\/vc_row][vc_row][vc_column][vc_column_text]El Club disposa d&#8217;un programa per a la prevenci\u00f3 de delictes, integrat per mesures per a prevenir i mitigar possibles riscos penals, amb mesures de vigil\u00e0ncia i control per a garantir el compliment del sistema normatiu intern.[\/vc_column_text][\/vc_column][\/vc_row][vc_row css=&#8221;.vc_custom_1680726476804{margin-top: 50px !important;}&#8221;][vc_column][vc_column_text css=&#8221;.vc_custom_1759750981883{margin-top: 30px !important;}&#8221;]<\/p>\n<p data-start=\"212\" data-end=\"578\">El <strong data-start=\"215\" data-end=\"244\">Real Club de Golf El Prat<\/strong> ha desenvolupat un <strong data-start=\"264\" data-end=\"298\">Model de Prevenci\u00f3 de Delictes<\/strong> que compleix amb els requisits legals establerts en mat\u00e8ria de responsabilitat penal de les persones jur\u00eddiques.<br data-start=\"411\" data-end=\"414\" \/>L\u2019objectiu d\u2019aquest model \u00e9s <strong data-start=\"443\" data-end=\"525\">prevenir l\u2019\u00fas indegut de l\u2019estructura legal del Club amb finalitats delictives<\/strong>, alhora que es fomenta el <strong data-start=\"552\" data-end=\"577\">bon govern corporatiu<\/strong>.<\/p>\n<p>[\/vc_column_text][\/vc_column][\/vc_row][vc_row css=&#8221;.vc_custom_1680726476804{margin-top: 50px !important;}&#8221;][vc_column][vc_column_text css=&#8221;.vc_custom_1759751014040{margin-top: 30px !important;}&#8221;]<\/p>\n<p data-start=\"639\" data-end=\"815\">El Club ha elaborat un <strong data-start=\"662\" data-end=\"682\">Codi de Conducta<\/strong> que estableix els est\u00e0ndards de comportament que han de seguir els treballadors en l\u2019exercici de les seves funcions professionals.<\/p>\n<p data-start=\"817\" data-end=\"1132\">La finalitat d\u2019aquest Codi \u00e9s <strong data-start=\"847\" data-end=\"906\">garantir una conducta professional, \u00e8tica i responsable<\/strong> dins del <strong data-start=\"916\" data-end=\"945\">Real Club de Golf El Prat<\/strong> i entre tots els seus empleats, com a part fonamental de la cultura corporativa.<br data-start=\"1026\" data-end=\"1029\" \/>Aquesta cultura constitueix la base per al desenvolupament personal i professional dels treballadors.<\/p>\n<p data-start=\"1134\" data-end=\"1291\">Aix\u00ed mateix, el Codi defineix els <strong data-start=\"1168\" data-end=\"1190\">principis i valors<\/strong> que han de regir les relacions del Club amb els seus diferents <strong data-start=\"1254\" data-end=\"1273\">grups d\u2019inter\u00e8s<\/strong> (<em data-start=\"1275\" data-end=\"1289\">stakeholders<\/em>).<\/p>\n<p>[\/vc_column_text][\/vc_column][\/vc_row][vc_row css=&#8221;.vc_custom_1680726476804{margin-top: 50px !important;}&#8221;][vc_column][vc_column_text css=&#8221;.vc_custom_1759751073197{margin-top: 30px !important;}&#8221;]<\/p>\n<p data-start=\"1337\" data-end=\"1632\">El <strong data-start=\"1340\" data-end=\"1369\">Real Club de Golf El Prat<\/strong> ha creat un <strong data-start=\"1382\" data-end=\"1413\">Sistema Intern d\u2019Informaci\u00f3<\/strong>, que permet a qualsevol membre directe (Consell d\u2019Administraci\u00f3, alta direcci\u00f3 i empleats) o part relacionada (col\u00b7laboradors, prove\u00efdors i tercers) <strong data-start=\"1563\" data-end=\"1595\">comunicar indicis o sospites<\/strong> de comportaments que puguin suposar:<\/p>\n<ul data-start=\"1634\" data-end=\"1844\">\n<li data-start=\"1634\" data-end=\"1722\">\n<p data-start=\"1636\" data-end=\"1722\">Incompliments de la normativa aplicable, protocols, procediments o controls interns.<\/p>\n<\/li>\n<li data-start=\"1723\" data-end=\"1803\">\n<p data-start=\"1725\" data-end=\"1803\">Actuacions contr\u00e0ries als principis \u00e8tics i a les bones pr\u00e0ctiques del Club.<\/p>\n<\/li>\n<li data-start=\"1804\" data-end=\"1844\">\n<p data-start=\"1806\" data-end=\"1844\">Accions que puguin constituir delicte.<\/p>\n<\/li>\n<\/ul>\n<p data-start=\"1846\" data-end=\"2011\">Aquestes comunicacions es poden fer accedint al seg\u00fcent enlla\u00e7:<br data-start=\"1909\" data-end=\"1912\" \/><a class=\"decorated-link\" href=\"http:\/\/sistemainternoinformaci%C3%B3ngolfdelprat.es\" target=\"_new\" rel=\"noopener\" data-start=\"1915\" data-end=\"2011\">http:\/\/sistemainternoinformaci\u00f3ngolfdelprat.es<\/a><\/p>\n<p data-start=\"2013\" data-end=\"2196\">El funcionament del Sistema Intern d\u2019Informaci\u00f3 i la gesti\u00f3 de les comunicacions rebudes es regulen en el <strong data-start=\"2119\" data-end=\"2165\">\u201cProtocol del Sistema Intern d\u2019Informaci\u00f3\u201d<\/strong> del Real Club de Golf El Prat.<\/p>\n<p>[\/vc_column_text][\/vc_column][\/vc_row]<\/p>\n<\/div>","protected":false},"excerpt":{"rendered":"<p>[vc_row css=&#8221;.vc_custom_1692439081887{margin-top: 0px !important;}&#8221;][vc_column][vc_column_text el_class=&#8221;page-title-rcgep&#8221;] PROGRAMA PER A LA PREVENCI\u00d3 DE DELICTES [\/vc_column_text][\/vc_column][\/vc_row][vc_row][vc_column][vc_column_text]El Club disposa d&#8217;un programa per a la prevenci\u00f3 de delictes, integrat per mesures per a prevenir i mitigar possibles riscos penals, amb mesures de vigil\u00e0ncia i control per a garantir el compliment del sistema normatiu intern.[\/vc_column_text][\/vc_column][\/vc_row][vc_row css=&#8221;.vc_custom_1680726476804{margin-top: 50px !important;}&#8221;][vc_column][vc_column_text css=&#8221;.vc_custom_1759750981883{margin-top: 30px !important;}&#8221;] [&hellip;]<\/p>\n","protected":false},"author":3,"featured_media":0,"parent":0,"menu_order":2,"comment_status":"closed","ping_status":"closed","template":"","meta":{"_acf_changed":false,"footnotes":""},"class_list":["post-179233","page","type-page","status-publish","hentry"],"acf":[],"yoast_head":"<!-- This site is optimized with the Yoast SEO plugin v27.5 - https:\/\/yoast.com\/product\/yoast-seo-wordpress\/ -->\n<title>Programa per a la prevenci\u00f3 de delictes - Real Club de Golf El Prat - Barcelona<\/title>\n<meta name=\"robots\" content=\"index, follow, max-snippet:-1, max-image-preview:large, max-video-preview:-1\" \/>\n<link rel=\"canonical\" href=\"https:\/\/www.realclubdegolfelprat.com\/ca\/programa-per-a-la-prevencio-de-delictes\/\" \/>\n<meta property=\"og:locale\" content=\"ca_ES\" \/>\n<meta property=\"og:type\" content=\"article\" \/>\n<meta property=\"og:title\" content=\"Programa per a la prevenci\u00f3 de delictes - Real Club de Golf El Prat - Barcelona\" \/>\n<meta property=\"og:description\" content=\"[vc_row css=&#8221;.vc_custom_1692439081887{margin-top: 0px !important;}&#8221;][vc_column][vc_column_text el_class=&#8221;page-title-rcgep&#8221;] PROGRAMA PER A LA PREVENCI\u00d3 DE DELICTES [\/vc_column_text][\/vc_column][\/vc_row][vc_row][vc_column][vc_column_text]El Club disposa d&#8217;un programa per a la prevenci\u00f3 de delictes, integrat per mesures per a prevenir i mitigar possibles riscos penals, amb mesures de vigil\u00e0ncia i control per a garantir el compliment del sistema normatiu intern.[\/vc_column_text][\/vc_column][\/vc_row][vc_row css=&#8221;.vc_custom_1680726476804{margin-top: 50px !important;}&#8221;][vc_column][vc_column_text css=&#8221;.vc_custom_1759750981883{margin-top: 30px !important;}&#8221;] [&hellip;]\" \/>\n<meta property=\"og:url\" content=\"https:\/\/www.realclubdegolfelprat.com\/ca\/programa-per-a-la-prevencio-de-delictes\/\" \/>\n<meta property=\"og:site_name\" content=\"Real Club de Golf El Prat - Barcelona\" \/>\n<meta property=\"article:publisher\" content=\"https:\/\/www.facebook.com\/golfelprat\" \/>\n<meta property=\"article:modified_time\" content=\"2025-10-06T11:47:21+00:00\" \/>\n<meta name=\"twitter:card\" content=\"summary_large_image\" \/>\n<meta name=\"twitter:site\" content=\"@golfelprat\" \/>\n<meta name=\"twitter:label1\" content=\"Temps estimat de lectura\" \/>\n\t<meta name=\"twitter:data1\" content=\"2 minuts\" \/>\n<script type=\"application\/ld+json\" class=\"yoast-schema-graph\">{\"@context\":\"https:\\\/\\\/schema.org\",\"@graph\":[{\"@type\":\"WebPage\",\"@id\":\"https:\\\/\\\/www.realclubdegolfelprat.com\\\/ca\\\/programa-per-a-la-prevencio-de-delictes\\\/\",\"url\":\"https:\\\/\\\/www.realclubdegolfelprat.com\\\/ca\\\/programa-per-a-la-prevencio-de-delictes\\\/\",\"name\":\"Programa per a la prevenci\u00f3 de delictes - Real Club de Golf El Prat - Barcelona\",\"isPartOf\":{\"@id\":\"https:\\\/\\\/www.realclubdegolfelprat.com\\\/ca\\\/#website\"},\"datePublished\":\"2024-10-07T00:02:57+00:00\",\"dateModified\":\"2025-10-06T11:47:21+00:00\",\"breadcrumb\":{\"@id\":\"https:\\\/\\\/www.realclubdegolfelprat.com\\\/ca\\\/programa-per-a-la-prevencio-de-delictes\\\/#breadcrumb\"},\"inLanguage\":\"ca\",\"potentialAction\":[{\"@type\":\"ReadAction\",\"target\":[\"https:\\\/\\\/www.realclubdegolfelprat.com\\\/ca\\\/programa-per-a-la-prevencio-de-delictes\\\/\"]}]},{\"@type\":\"BreadcrumbList\",\"@id\":\"https:\\\/\\\/www.realclubdegolfelprat.com\\\/ca\\\/programa-per-a-la-prevencio-de-delictes\\\/#breadcrumb\",\"itemListElement\":[{\"@type\":\"ListItem\",\"position\":1,\"name\":\"Portada\",\"item\":\"https:\\\/\\\/www.realclubdegolfelprat.com\\\/ca\\\/\"},{\"@type\":\"ListItem\",\"position\":2,\"name\":\"Programa per a la prevenci\u00f3 de delictes\"}]},{\"@type\":\"WebSite\",\"@id\":\"https:\\\/\\\/www.realclubdegolfelprat.com\\\/ca\\\/#website\",\"url\":\"https:\\\/\\\/www.realclubdegolfelprat.com\\\/ca\\\/\",\"name\":\"Real Club de Golf El Prat - Barcelona\",\"description\":\"Tu club de golf en Barcelona\",\"publisher\":{\"@id\":\"https:\\\/\\\/www.realclubdegolfelprat.com\\\/ca\\\/#organization\"},\"potentialAction\":[{\"@type\":\"SearchAction\",\"target\":{\"@type\":\"EntryPoint\",\"urlTemplate\":\"https:\\\/\\\/www.realclubdegolfelprat.com\\\/ca\\\/?s={search_term_string}\"},\"query-input\":{\"@type\":\"PropertyValueSpecification\",\"valueRequired\":true,\"valueName\":\"search_term_string\"}}],\"inLanguage\":\"ca\"},{\"@type\":\"Organization\",\"@id\":\"https:\\\/\\\/www.realclubdegolfelprat.com\\\/ca\\\/#organization\",\"name\":\"Real Club de Golf El Prat - Barcelona\",\"url\":\"https:\\\/\\\/www.realclubdegolfelprat.com\\\/ca\\\/\",\"logo\":{\"@type\":\"ImageObject\",\"inLanguage\":\"ca\",\"@id\":\"https:\\\/\\\/www.realclubdegolfelprat.com\\\/ca\\\/#\\\/schema\\\/logo\\\/image\\\/\",\"url\":\"https:\\\/\\\/www.realclubdegolfelprat.com\\\/wp-content\\\/uploads\\\/2023\\\/03\\\/logo-rcgep-color-120-95.png\",\"contentUrl\":\"https:\\\/\\\/www.realclubdegolfelprat.com\\\/wp-content\\\/uploads\\\/2023\\\/03\\\/logo-rcgep-color-120-95.png\",\"width\":120,\"height\":95,\"caption\":\"Real Club de Golf El Prat - Barcelona\"},\"image\":{\"@id\":\"https:\\\/\\\/www.realclubdegolfelprat.com\\\/ca\\\/#\\\/schema\\\/logo\\\/image\\\/\"},\"sameAs\":[\"https:\\\/\\\/www.facebook.com\\\/golfelprat\",\"https:\\\/\\\/x.com\\\/golfelprat\",\"https:\\\/\\\/www.linkedin.com\\\/company\\\/rcgep\",\"https:\\\/\\\/www.youtube.com\\\/user\\\/realclubdegolfelprat\",\"https:\\\/\\\/www.instagram.com\\\/golfelprat\\\/\"]}]}<\/script>\n<!-- \/ Yoast SEO plugin. -->","yoast_head_json":{"title":"Programa per a la prevenci\u00f3 de delictes - Real Club de Golf El Prat - Barcelona","robots":{"index":"index","follow":"follow","max-snippet":"max-snippet:-1","max-image-preview":"max-image-preview:large","max-video-preview":"max-video-preview:-1"},"canonical":"https:\/\/www.realclubdegolfelprat.com\/ca\/programa-per-a-la-prevencio-de-delictes\/","og_locale":"ca_ES","og_type":"article","og_title":"Programa per a la prevenci\u00f3 de delictes - Real Club de Golf El Prat - Barcelona","og_description":"[vc_row css=&#8221;.vc_custom_1692439081887{margin-top: 0px !important;}&#8221;][vc_column][vc_column_text el_class=&#8221;page-title-rcgep&#8221;] PROGRAMA PER A LA PREVENCI\u00d3 DE DELICTES [\/vc_column_text][\/vc_column][\/vc_row][vc_row][vc_column][vc_column_text]El Club disposa d&#8217;un programa per a la prevenci\u00f3 de delictes, integrat per mesures per a prevenir i mitigar possibles riscos penals, amb mesures de vigil\u00e0ncia i control per a garantir el compliment del sistema normatiu intern.[\/vc_column_text][\/vc_column][\/vc_row][vc_row css=&#8221;.vc_custom_1680726476804{margin-top: 50px !important;}&#8221;][vc_column][vc_column_text css=&#8221;.vc_custom_1759750981883{margin-top: 30px !important;}&#8221;] [&hellip;]","og_url":"https:\/\/www.realclubdegolfelprat.com\/ca\/programa-per-a-la-prevencio-de-delictes\/","og_site_name":"Real Club de Golf El Prat - Barcelona","article_publisher":"https:\/\/www.facebook.com\/golfelprat","article_modified_time":"2025-10-06T11:47:21+00:00","twitter_card":"summary_large_image","twitter_site":"@golfelprat","twitter_misc":{"Temps estimat de lectura":"2 minuts"},"schema":{"@context":"https:\/\/schema.org","@graph":[{"@type":"WebPage","@id":"https:\/\/www.realclubdegolfelprat.com\/ca\/programa-per-a-la-prevencio-de-delictes\/","url":"https:\/\/www.realclubdegolfelprat.com\/ca\/programa-per-a-la-prevencio-de-delictes\/","name":"Programa per a la prevenci\u00f3 de delictes - Real Club de Golf El Prat - Barcelona","isPartOf":{"@id":"https:\/\/www.realclubdegolfelprat.com\/ca\/#website"},"datePublished":"2024-10-07T00:02:57+00:00","dateModified":"2025-10-06T11:47:21+00:00","breadcrumb":{"@id":"https:\/\/www.realclubdegolfelprat.com\/ca\/programa-per-a-la-prevencio-de-delictes\/#breadcrumb"},"inLanguage":"ca","potentialAction":[{"@type":"ReadAction","target":["https:\/\/www.realclubdegolfelprat.com\/ca\/programa-per-a-la-prevencio-de-delictes\/"]}]},{"@type":"BreadcrumbList","@id":"https:\/\/www.realclubdegolfelprat.com\/ca\/programa-per-a-la-prevencio-de-delictes\/#breadcrumb","itemListElement":[{"@type":"ListItem","position":1,"name":"Portada","item":"https:\/\/www.realclubdegolfelprat.com\/ca\/"},{"@type":"ListItem","position":2,"name":"Programa per a la prevenci\u00f3 de delictes"}]},{"@type":"WebSite","@id":"https:\/\/www.realclubdegolfelprat.com\/ca\/#website","url":"https:\/\/www.realclubdegolfelprat.com\/ca\/","name":"Real Club de Golf El Prat - Barcelona","description":"Tu club de golf en Barcelona","publisher":{"@id":"https:\/\/www.realclubdegolfelprat.com\/ca\/#organization"},"potentialAction":[{"@type":"SearchAction","target":{"@type":"EntryPoint","urlTemplate":"https:\/\/www.realclubdegolfelprat.com\/ca\/?s={search_term_string}"},"query-input":{"@type":"PropertyValueSpecification","valueRequired":true,"valueName":"search_term_string"}}],"inLanguage":"ca"},{"@type":"Organization","@id":"https:\/\/www.realclubdegolfelprat.com\/ca\/#organization","name":"Real Club de Golf El Prat - Barcelona","url":"https:\/\/www.realclubdegolfelprat.com\/ca\/","logo":{"@type":"ImageObject","inLanguage":"ca","@id":"https:\/\/www.realclubdegolfelprat.com\/ca\/#\/schema\/logo\/image\/","url":"https:\/\/www.realclubdegolfelprat.com\/wp-content\/uploads\/2023\/03\/logo-rcgep-color-120-95.png","contentUrl":"https:\/\/www.realclubdegolfelprat.com\/wp-content\/uploads\/2023\/03\/logo-rcgep-color-120-95.png","width":120,"height":95,"caption":"Real Club de Golf El Prat - Barcelona"},"image":{"@id":"https:\/\/www.realclubdegolfelprat.com\/ca\/#\/schema\/logo\/image\/"},"sameAs":["https:\/\/www.facebook.com\/golfelprat","https:\/\/x.com\/golfelprat","https:\/\/www.linkedin.com\/company\/rcgep","https:\/\/www.youtube.com\/user\/realclubdegolfelprat","https:\/\/www.instagram.com\/golfelprat\/"]}]}},"_links":{"self":[{"href":"https:\/\/www.realclubdegolfelprat.com\/ca\/wp-json\/wp\/v2\/pages\/179233","targetHints":{"allow":["GET"]}}],"collection":[{"href":"https:\/\/www.realclubdegolfelprat.com\/ca\/wp-json\/wp\/v2\/pages"}],"about":[{"href":"https:\/\/www.realclubdegolfelprat.com\/ca\/wp-json\/wp\/v2\/types\/page"}],"author":[{"embeddable":true,"href":"https:\/\/www.realclubdegolfelprat.com\/ca\/wp-json\/wp\/v2\/users\/3"}],"replies":[{"embeddable":true,"href":"https:\/\/www.realclubdegolfelprat.com\/ca\/wp-json\/wp\/v2\/comments?post=179233"}],"version-history":[{"count":6,"href":"https:\/\/www.realclubdegolfelprat.com\/ca\/wp-json\/wp\/v2\/pages\/179233\/revisions"}],"predecessor-version":[{"id":183767,"href":"https:\/\/www.realclubdegolfelprat.com\/ca\/wp-json\/wp\/v2\/pages\/179233\/revisions\/183767"}],"wp:attachment":[{"href":"https:\/\/www.realclubdegolfelprat.com\/ca\/wp-json\/wp\/v2\/media?parent=179233"}],"curies":[{"name":"wp","href":"https:\/\/api.w.org\/{rel}","templated":true}]}}