{"id":182384,"date":"2025-02-26T14:20:09","date_gmt":"2025-02-26T14:20:09","guid":{"rendered":"https:\/\/www.realclubdegolfelprat.com\/competicions-destacades\/"},"modified":"2025-02-27T07:25:31","modified_gmt":"2025-02-27T07:25:31","slug":"featured-competitions","status":"publish","type":"page","link":"https:\/\/www.realclubdegolfelprat.com\/en\/featured-competitions\/","title":{"rendered":"Featured competitions"},"content":{"rendered":"<div class=\"wpb-content-wrapper\"><p>[vc_row css=&#8221;.vc_custom_1687848550500{margin-top: 0px !important;margin-bottom: 0px !important;}&#8221;][vc_column][vc_column_text css=&#8221;&#8221; el_class=&#8221;page-title-rcgep&#8221;]<\/p>\n<h1>FEATURED COMPETITIONS<\/h1>\n<p>[\/vc_column_text][\/vc_column][\/vc_row][vc_row thsn-bg-color=&#8221;white&#8221;][vc_column]<div  class=\"themesion-element themesion-element-blog thsn-element-blog-style-4 themesion-element-viewtype-row-column thsn-sortable-no\" data-show=\"15\" data-columns=\"3\" data-loop=\"false\" data-autoplay=\"false\" data-center=\"false\" data-nav=\"false\" data-dots=\"false\" data-autoplayspeed=\"1000\" data-margin=\"\"><div class=\"themesion-element-inner\"><div class=\"thsn-ele-header-area\"><\/div><div class=\"thsn-element-posts-wrapper row multi-columns-row\"><div class=\"thsn-ele thsn-blog-ele col-md-4 featured-competitions thsn-term-387 news thsn-term-236\"><article class=\"themesion-ele themesion-ele-blog thsn-blogbox-style-4 post-182969 post type-post status-publish format-standard has-post-thumbnail hentry category-featured-competitions category-news\">\r\n\t<div class=\"post-item\">\r\n\t\t<div class=\"thsn-featured-container\">\r\n\t\t\t<div class=\"thsn-featured-wrapper\"><a href=\"https:\/\/www.realclubdegolfelprat.com\/en\/featured-competitions\/barcelona-mid-amateur-and-senior-championship-2025\/\"><img loading=\"lazy\" decoding=\"async\" width=\"770\" height=\"500\" src=\"https:\/\/www.realclubdegolfelprat.com\/wp-content\/uploads\/2025\/03\/PROXIMOS-TORNEOS-59-770x500.jpg\" class=\"attachment-thsn-img-770x500 size-thsn-img-770x500 wp-post-image\" alt=\"\" data-id=\"182540\" \/><\/a><\/div>\t\t\t<div class=\"thsn-meta-date\">Mar 10, 2025<\/div>\r\n\t\t<\/div>\r\n\t\t<div class=\"themesion-box-content\">\r\n\t\t\t<div class=\"thsn-meta-container\">\r\n\t\t\t\t<div class=\"thsn-meta-author-wrapper thsn-meta-line\">\t\t\t\t\t\r\n\t\t\t\t\t<i class=\"thsn-base-icon-user-1\"><\/i><a href=\"https:\/\/www.realclubdegolfelprat.com\/en\/author\/julia\/\" title=\"Posted by julia\" rel=\"author\"> by julia<\/a>\r\n\t\t\t\t<\/div>\r\n\t\t\t\t<div class=\"thsn-meta-category-wrapper thsn-meta-line\">\r\n\t\t\t\t\t<div class=\"thsn-meta-category\"><i class=\"demo-icon thsn-base-icon-folder-open-empty\"><\/i> <a href=\"https:\/\/www.realclubdegolfelprat.com\/en\/category\/featured-competitions\/\" rel=\"category tag\">Featured competitions<\/a>, <a href=\"https:\/\/www.realclubdegolfelprat.com\/en\/category\/news\/\" rel=\"category tag\">News<\/a><\/div>\r\n\t\t\t\t<\/div>\r\n\t\t\t\t\t\t\t\t\t\t\t<\/div>\r\n\t\t\t<h3 class=\"thsn-post-title\"><a href=\"https:\/\/www.realclubdegolfelprat.com\/en\/featured-competitions\/barcelona-mid-amateur-and-senior-championship-2025\/\">Barcelona Mid Amateur and Senior Championship 2025<\/a><\/h3>\r\n\t\t\t<div class=\"thsn-read-more-link\">\r\n\t\t\t\t<a class=\"\" href=\"https:\/\/www.realclubdegolfelprat.com\/en\/featured-competitions\/barcelona-mid-amateur-and-senior-championship-2025\/\"><span>Read More<\/span><\/a>\r\n\t\t\t<\/div>\r\n\t\t<\/div>\r\n\t<\/div>\r\n<\/article>\r\n<\/div><\/div><div class=\"clearfix\"><\/div><\/div><!-- .themesion-element-inner -->   <\/div><!-- .themesion-element -->  [\/vc_column][\/vc_row]<\/p>\n<\/div>","protected":false},"excerpt":{"rendered":"<p>[vc_row css=&#8221;.vc_custom_1687848550500{margin-top: 0px !important;margin-bottom: 0px !important;}&#8221;][vc_column][vc_column_text css=&#8221;&#8221; el_class=&#8221;page-title-rcgep&#8221;] FEATURED COMPETITIONS [\/vc_column_text][\/vc_column][\/vc_row][vc_row thsn-bg-color=&#8221;white&#8221;][vc_column][\/vc_column][\/vc_row]<\/p>\n","protected":false},"author":3,"featured_media":0,"parent":0,"menu_order":12,"comment_status":"closed","ping_status":"closed","template":"","meta":{"_acf_changed":false,"footnotes":""},"class_list":["post-182384","page","type-page","status-publish","hentry"],"acf":[],"yoast_head":"<!-- This site is optimized with the Yoast SEO plugin v27.4 - https:\/\/yoast.com\/product\/yoast-seo-wordpress\/ -->\n<title>\u00daltimas noticias de golf en Barcelona y del Real Club de Golf El Prat<\/title>\n<meta name=\"description\" content=\"Entra y descubre las \u00faltimas noticias de golf en Barcelona adem\u00e1s de todo lo que ocurre en el Real Club de Golf el Prat, academias, cursos, torneos...\" \/>\n<meta name=\"robots\" content=\"index, follow, max-snippet:-1, max-image-preview:large, max-video-preview:-1\" \/>\n<link rel=\"canonical\" href=\"https:\/\/www.realclubdegolfelprat.com\/en\/featured-competitions\/\" \/>\n<meta property=\"og:locale\" content=\"en_US\" \/>\n<meta property=\"og:type\" content=\"article\" \/>\n<meta property=\"og:title\" content=\"\u00daltimas noticias de golf en Barcelona y del Real Club de Golf El Prat\" \/>\n<meta property=\"og:description\" content=\"Entra y descubre las \u00faltimas noticias de golf en Barcelona adem\u00e1s de todo lo que ocurre en el Real Club de Golf el Prat, academias, cursos, torneos...\" \/>\n<meta property=\"og:url\" content=\"https:\/\/www.realclubdegolfelprat.com\/en\/featured-competitions\/\" \/>\n<meta property=\"og:site_name\" content=\"Real Club de Golf El Prat - Barcelona\" \/>\n<meta property=\"article:publisher\" content=\"https:\/\/www.facebook.com\/golfelprat\" \/>\n<meta property=\"article:modified_time\" content=\"2025-02-27T07:25:31+00:00\" \/>\n<meta name=\"twitter:card\" content=\"summary_large_image\" \/>\n<meta name=\"twitter:site\" content=\"@golfelprat\" \/>\n<meta name=\"twitter:label1\" content=\"Est. reading time\" \/>\n\t<meta name=\"twitter:data1\" content=\"1 minute\" \/>\n<script type=\"application\/ld+json\" class=\"yoast-schema-graph\">{\"@context\":\"https:\\\/\\\/schema.org\",\"@graph\":[{\"@type\":\"WebPage\",\"@id\":\"https:\\\/\\\/www.realclubdegolfelprat.com\\\/en\\\/featured-competitions\\\/\",\"url\":\"https:\\\/\\\/www.realclubdegolfelprat.com\\\/en\\\/featured-competitions\\\/\",\"name\":\"\u00daltimas noticias de golf en Barcelona y del Real Club de Golf El Prat\",\"isPartOf\":{\"@id\":\"https:\\\/\\\/www.realclubdegolfelprat.com\\\/en\\\/#website\"},\"datePublished\":\"2025-02-26T14:20:09+00:00\",\"dateModified\":\"2025-02-27T07:25:31+00:00\",\"description\":\"Entra y descubre las \u00faltimas noticias de golf en Barcelona adem\u00e1s de todo lo que ocurre en el Real Club de Golf el Prat, academias, cursos, torneos...\",\"breadcrumb\":{\"@id\":\"https:\\\/\\\/www.realclubdegolfelprat.com\\\/en\\\/featured-competitions\\\/#breadcrumb\"},\"inLanguage\":\"en-US\",\"potentialAction\":[{\"@type\":\"ReadAction\",\"target\":[\"https:\\\/\\\/www.realclubdegolfelprat.com\\\/en\\\/featured-competitions\\\/\"]}]},{\"@type\":\"BreadcrumbList\",\"@id\":\"https:\\\/\\\/www.realclubdegolfelprat.com\\\/en\\\/featured-competitions\\\/#breadcrumb\",\"itemListElement\":[{\"@type\":\"ListItem\",\"position\":1,\"name\":\"Portada\",\"item\":\"https:\\\/\\\/www.realclubdegolfelprat.com\\\/en\\\/\"},{\"@type\":\"ListItem\",\"position\":2,\"name\":\"Featured competitions\"}]},{\"@type\":\"WebSite\",\"@id\":\"https:\\\/\\\/www.realclubdegolfelprat.com\\\/en\\\/#website\",\"url\":\"https:\\\/\\\/www.realclubdegolfelprat.com\\\/en\\\/\",\"name\":\"Real Club de Golf El Prat - Barcelona\",\"description\":\"Tu club de golf en Barcelona\",\"publisher\":{\"@id\":\"https:\\\/\\\/www.realclubdegolfelprat.com\\\/en\\\/#organization\"},\"potentialAction\":[{\"@type\":\"SearchAction\",\"target\":{\"@type\":\"EntryPoint\",\"urlTemplate\":\"https:\\\/\\\/www.realclubdegolfelprat.com\\\/en\\\/?s={search_term_string}\"},\"query-input\":{\"@type\":\"PropertyValueSpecification\",\"valueRequired\":true,\"valueName\":\"search_term_string\"}}],\"inLanguage\":\"en-US\"},{\"@type\":\"Organization\",\"@id\":\"https:\\\/\\\/www.realclubdegolfelprat.com\\\/en\\\/#organization\",\"name\":\"Real Club de Golf El Prat - Barcelona\",\"url\":\"https:\\\/\\\/www.realclubdegolfelprat.com\\\/en\\\/\",\"logo\":{\"@type\":\"ImageObject\",\"inLanguage\":\"en-US\",\"@id\":\"https:\\\/\\\/www.realclubdegolfelprat.com\\\/en\\\/#\\\/schema\\\/logo\\\/image\\\/\",\"url\":\"https:\\\/\\\/www.realclubdegolfelprat.com\\\/wp-content\\\/uploads\\\/2023\\\/03\\\/logo-rcgep-color-120-95.png\",\"contentUrl\":\"https:\\\/\\\/www.realclubdegolfelprat.com\\\/wp-content\\\/uploads\\\/2023\\\/03\\\/logo-rcgep-color-120-95.png\",\"width\":120,\"height\":95,\"caption\":\"Real Club de Golf El Prat - Barcelona\"},\"image\":{\"@id\":\"https:\\\/\\\/www.realclubdegolfelprat.com\\\/en\\\/#\\\/schema\\\/logo\\\/image\\\/\"},\"sameAs\":[\"https:\\\/\\\/www.facebook.com\\\/golfelprat\",\"https:\\\/\\\/x.com\\\/golfelprat\",\"https:\\\/\\\/www.linkedin.com\\\/company\\\/rcgep\",\"https:\\\/\\\/www.youtube.com\\\/user\\\/realclubdegolfelprat\",\"https:\\\/\\\/www.instagram.com\\\/golfelprat\\\/\"]}]}<\/script>\n<!-- \/ Yoast SEO plugin. -->","yoast_head_json":{"title":"\u00daltimas noticias de golf en Barcelona y del Real Club de Golf El Prat","description":"Entra y descubre las \u00faltimas noticias de golf en Barcelona adem\u00e1s de todo lo que ocurre en el Real Club de Golf el Prat, academias, cursos, torneos...","robots":{"index":"index","follow":"follow","max-snippet":"max-snippet:-1","max-image-preview":"max-image-preview:large","max-video-preview":"max-video-preview:-1"},"canonical":"https:\/\/www.realclubdegolfelprat.com\/en\/featured-competitions\/","og_locale":"en_US","og_type":"article","og_title":"\u00daltimas noticias de golf en Barcelona y del Real Club de Golf El Prat","og_description":"Entra y descubre las \u00faltimas noticias de golf en Barcelona adem\u00e1s de todo lo que ocurre en el Real Club de Golf el Prat, academias, cursos, torneos...","og_url":"https:\/\/www.realclubdegolfelprat.com\/en\/featured-competitions\/","og_site_name":"Real Club de Golf El Prat - Barcelona","article_publisher":"https:\/\/www.facebook.com\/golfelprat","article_modified_time":"2025-02-27T07:25:31+00:00","twitter_card":"summary_large_image","twitter_site":"@golfelprat","twitter_misc":{"Est. reading time":"1 minute"},"schema":{"@context":"https:\/\/schema.org","@graph":[{"@type":"WebPage","@id":"https:\/\/www.realclubdegolfelprat.com\/en\/featured-competitions\/","url":"https:\/\/www.realclubdegolfelprat.com\/en\/featured-competitions\/","name":"\u00daltimas noticias de golf en Barcelona y del Real Club de Golf El Prat","isPartOf":{"@id":"https:\/\/www.realclubdegolfelprat.com\/en\/#website"},"datePublished":"2025-02-26T14:20:09+00:00","dateModified":"2025-02-27T07:25:31+00:00","description":"Entra y descubre las \u00faltimas noticias de golf en Barcelona adem\u00e1s de todo lo que ocurre en el Real Club de Golf el Prat, academias, cursos, torneos...","breadcrumb":{"@id":"https:\/\/www.realclubdegolfelprat.com\/en\/featured-competitions\/#breadcrumb"},"inLanguage":"en-US","potentialAction":[{"@type":"ReadAction","target":["https:\/\/www.realclubdegolfelprat.com\/en\/featured-competitions\/"]}]},{"@type":"BreadcrumbList","@id":"https:\/\/www.realclubdegolfelprat.com\/en\/featured-competitions\/#breadcrumb","itemListElement":[{"@type":"ListItem","position":1,"name":"Portada","item":"https:\/\/www.realclubdegolfelprat.com\/en\/"},{"@type":"ListItem","position":2,"name":"Featured competitions"}]},{"@type":"WebSite","@id":"https:\/\/www.realclubdegolfelprat.com\/en\/#website","url":"https:\/\/www.realclubdegolfelprat.com\/en\/","name":"Real Club de Golf El Prat - Barcelona","description":"Tu club de golf en Barcelona","publisher":{"@id":"https:\/\/www.realclubdegolfelprat.com\/en\/#organization"},"potentialAction":[{"@type":"SearchAction","target":{"@type":"EntryPoint","urlTemplate":"https:\/\/www.realclubdegolfelprat.com\/en\/?s={search_term_string}"},"query-input":{"@type":"PropertyValueSpecification","valueRequired":true,"valueName":"search_term_string"}}],"inLanguage":"en-US"},{"@type":"Organization","@id":"https:\/\/www.realclubdegolfelprat.com\/en\/#organization","name":"Real Club de Golf El Prat - Barcelona","url":"https:\/\/www.realclubdegolfelprat.com\/en\/","logo":{"@type":"ImageObject","inLanguage":"en-US","@id":"https:\/\/www.realclubdegolfelprat.com\/en\/#\/schema\/logo\/image\/","url":"https:\/\/www.realclubdegolfelprat.com\/wp-content\/uploads\/2023\/03\/logo-rcgep-color-120-95.png","contentUrl":"https:\/\/www.realclubdegolfelprat.com\/wp-content\/uploads\/2023\/03\/logo-rcgep-color-120-95.png","width":120,"height":95,"caption":"Real Club de Golf El Prat - Barcelona"},"image":{"@id":"https:\/\/www.realclubdegolfelprat.com\/en\/#\/schema\/logo\/image\/"},"sameAs":["https:\/\/www.facebook.com\/golfelprat","https:\/\/x.com\/golfelprat","https:\/\/www.linkedin.com\/company\/rcgep","https:\/\/www.youtube.com\/user\/realclubdegolfelprat","https:\/\/www.instagram.com\/golfelprat\/"]}]}},"_links":{"self":[{"href":"https:\/\/www.realclubdegolfelprat.com\/en\/wp-json\/wp\/v2\/pages\/182384","targetHints":{"allow":["GET"]}}],"collection":[{"href":"https:\/\/www.realclubdegolfelprat.com\/en\/wp-json\/wp\/v2\/pages"}],"about":[{"href":"https:\/\/www.realclubdegolfelprat.com\/en\/wp-json\/wp\/v2\/types\/page"}],"author":[{"embeddable":true,"href":"https:\/\/www.realclubdegolfelprat.com\/en\/wp-json\/wp\/v2\/users\/3"}],"replies":[{"embeddable":true,"href":"https:\/\/www.realclubdegolfelprat.com\/en\/wp-json\/wp\/v2\/comments?post=182384"}],"version-history":[{"count":3,"href":"https:\/\/www.realclubdegolfelprat.com\/en\/wp-json\/wp\/v2\/pages\/182384\/revisions"}],"predecessor-version":[{"id":182388,"href":"https:\/\/www.realclubdegolfelprat.com\/en\/wp-json\/wp\/v2\/pages\/182384\/revisions\/182388"}],"wp:attachment":[{"href":"https:\/\/www.realclubdegolfelprat.com\/en\/wp-json\/wp\/v2\/media?parent=182384"}],"curies":[{"name":"wp","href":"https:\/\/api.w.org\/{rel}","templated":true}]}}